{"id":98,"date":"2025-01-17T15:27:52","date_gmt":"2025-01-17T15:27:52","guid":{"rendered":"https:\/\/avaraauskoa.fi\/?page_id=98"},"modified":"2026-02-16T15:17:59","modified_gmt":"2026-02-16T15:17:59","slug":"tutkimuksia","status":"publish","type":"page","link":"https:\/\/avaraauskoa.fi\/index.php\/tutkimuksia\/","title":{"rendered":"Tutkimuksen aiheita"},"content":{"rendered":"\n<div class=\"wp-block-columns is-layout-flex wp-container-core-columns-is-layout-9d6595d7 wp-block-columns-is-layout-flex\">\n<div class=\"wp-block-column is-layout-flow wp-block-column-is-layout-flow\">\n<h4 class=\"wp-block-heading\"><a href=\"https:\/\/avaraauskoa.fi\/index.php\/onko-uskonnotonta-uskoa\/\" data-type=\"page\" data-id=\"211\">A. Uskonnoton usko<\/a><\/h4>\n\n\n\n<ul class=\"wp-block-list\">\n<li>Johdanto<\/li>\n\n\n\n<li>Totuusk\u00e4sitys?<\/li>\n\n\n\n<li>Tieteen ja uskon dialogi<\/li>\n\n\n\n<li>Ateistien kritiikki<\/li>\n\n\n\n<li>Usko kritiikin j\u00e4lkeen<\/li>\n\n\n\n<li>Uskonnoton usko<\/li>\n<\/ul>\n<\/div>\n\n\n\n<div class=\"wp-block-column is-layout-flow wp-block-column-is-layout-flow\">\n<h4 class=\"wp-block-heading\"><a href=\"https:\/\/avaraauskoa.fi\/index.php\/b-uskottava-usko\/\" data-type=\"page\" data-id=\"291\">B. Uskottava usko<\/a><\/h4>\n\n\n\n<ul class=\"wp-block-list\">\n<li>Johdanto<\/li>\n\n\n\n<li>Vanhan testamentin kritiikki<\/li>\n\n\n\n<li>Uuden testamentin synty<\/li>\n\n\n\n<li>Uuden testamentin tulkinta<\/li>\n\n\n\n<li>Historialliset todisteet<\/li>\n\n\n\n<li>Raamattun\u00e4kemys<\/li>\n<\/ul>\n<\/div>\n\n\n\n<div class=\"wp-block-column is-layout-flow wp-block-column-is-layout-flow\">\n<h4 class=\"wp-block-heading\"><a href=\"https:\/\/avaraauskoa.fi\/index.php\/c-avaraa-uskoa\/\" data-type=\"page\" data-id=\"297\">C. Avara usko &#8211; millaista?<\/a> <\/h4>\n\n\n\n<h4 class=\"wp-block-heading\"><a href=\"https:\/\/avaraauskoa.fi\/index.php\/d-ylosnousemus\/\" data-type=\"page\" data-id=\"1022\">D. Yl\u00f6snousemus<\/a><\/h4>\n\n\n\n<p><a href=\"https:\/\/avaraauskoa.fi\/index.php\/lahdeluettelo-kirjallisuus\/\" data-type=\"page\" data-id=\"846\"><strong>L\u00e4hdeluettelo, kirjallisuus, osa A<\/strong><\/a><\/p>\n\n\n\n<p><a href=\"https:\/\/avaraauskoa.fi\/index.php\/lahdeluettelo-kirjallisuus-osa-b\/\" data-type=\"page\" data-id=\"867\"><strong>L\u00e4hdeluettelo, kirjallisuus, osa B<\/strong><\/a><\/p>\n<\/div>\n<\/div>\n\n\n\n<p><\/p>\n\n\n\n<div style=\"height:12px\" aria-hidden=\"true\" class=\"wp-block-spacer\"><\/div>\n\n\n\n<p><\/p>\n","protected":false},"excerpt":{"rendered":"<p>A. Uskonnoton usko B. Uskottava usko C. Avara usko &#8211; millaista? D. Yl\u00f6snousemus L\u00e4hdeluettelo, kirjallisuus, osa A L\u00e4hdeluettelo, kirjallisuus, osa B<\/p>\n","protected":false},"author":1,"featured_media":0,"parent":0,"menu_order":0,"comment_status":"closed","ping_status":"closed","template":"","meta":{"footnotes":""},"class_list":["post-98","page","type-page","status-publish","hentry"],"_links":{"self":[{"href":"https:\/\/avaraauskoa.fi\/index.php\/wp-json\/wp\/v2\/pages\/98","targetHints":{"allow":["GET"]}}],"collection":[{"href":"https:\/\/avaraauskoa.fi\/index.php\/wp-json\/wp\/v2\/pages"}],"about":[{"href":"https:\/\/avaraauskoa.fi\/index.php\/wp-json\/wp\/v2\/types\/page"}],"author":[{"embeddable":true,"href":"https:\/\/avaraauskoa.fi\/index.php\/wp-json\/wp\/v2\/users\/1"}],"replies":[{"embeddable":true,"href":"https:\/\/avaraauskoa.fi\/index.php\/wp-json\/wp\/v2\/comments?post=98"}],"version-history":[{"count":68,"href":"https:\/\/avaraauskoa.fi\/index.php\/wp-json\/wp\/v2\/pages\/98\/revisions"}],"predecessor-version":[{"id":1098,"href":"https:\/\/avaraauskoa.fi\/index.php\/wp-json\/wp\/v2\/pages\/98\/revisions\/1098"}],"wp:attachment":[{"href":"https:\/\/avaraauskoa.fi\/index.php\/wp-json\/wp\/v2\/media?parent=98"}],"curies":[{"name":"wp","href":"https:\/\/api.w.org\/{rel}","templated":true}]}}