{"id":291,"date":"2025-01-31T14:18:35","date_gmt":"2025-01-31T14:18:35","guid":{"rendered":"https:\/\/avaraauskoa.fi\/?page_id=291"},"modified":"2025-09-08T14:08:05","modified_gmt":"2025-09-08T14:08:05","slug":"b-uskottava-usko","status":"publish","type":"page","link":"https:\/\/avaraauskoa.fi\/index.php\/b-uskottava-usko\/","title":{"rendered":"B Uskottava usko"},"content":{"rendered":"\n<h2 class=\"wp-block-heading\">B. Uskottava usko<\/h2>\n\n\n\n<div class=\"wp-block-columns is-layout-flex wp-container-core-columns-is-layout-9d6595d7 wp-block-columns-is-layout-flex\">\n<div class=\"wp-block-column is-layout-flow wp-block-column-is-layout-flow\"><\/div>\n\n\n\n<div class=\"wp-block-column is-layout-flow wp-block-column-is-layout-flow\"><\/div>\n\n\n\n<div class=\"wp-block-column is-layout-flow wp-block-column-is-layout-flow\"><\/div>\n<\/div>\n\n\n\n<div class=\"wp-block-columns is-layout-flex wp-container-core-columns-is-layout-9d6595d7 wp-block-columns-is-layout-flex\">\n<div class=\"wp-block-column is-layout-flow wp-block-column-is-layout-flow\">\n<ol start=\"7\" class=\"wp-block-list\">\n<li><strong><a href=\"https:\/\/avaraauskoa.fi\/index.php\/b-johdanto\/\" data-type=\"page\" data-id=\"304\">Johdanto<\/a><\/strong><\/li>\n\n\n\n<li><strong>Vanhan testamentin kritiikki<br><\/strong>8.1. <a href=\"https:\/\/avaraauskoa.fi\/index.php\/8-1-vanhan-testamentin-synty\/\" data-type=\"page\" data-id=\"300\">Vanhan testamentin synty<\/a><br>8.2. <a href=\"https:\/\/avaraauskoa.fi\/index.php\/8-2-alkuperaiset-tekstit-ja-ajoitusta\/\" data-type=\"page\" data-id=\"340\">Alkuper\u00e4iset tekstit ja ajoitusta<\/a><br>8.3. <a href=\"https:\/\/avaraauskoa.fi\/index.php\/8-3-qumranin-loydot\/\" data-type=\"page\" data-id=\"347\">Qumranin l\u00f6yd\u00f6t<\/a><br>8.4. <a href=\"https:\/\/avaraauskoa.fi\/index.php\/8-4-vanhan-testamentin-arvo-kristityille\/\" data-type=\"page\" data-id=\"462\">Vanhan testamentin arvo kristitylle<\/a><\/li>\n<\/ol>\n<\/div>\n\n\n\n<div class=\"wp-block-column is-layout-flow wp-block-column-is-layout-flow\">\n<ol start=\"9\" class=\"wp-block-list\">\n<li><strong>Uuden testamentin synty<br><\/strong>9.1. <a href=\"https:\/\/avaraauskoa.fi\/index.php\/9-1-historian-jeesus\/\" data-type=\"page\" data-id=\"311\">Historian Jeesus<\/a><br>9.2. <a href=\"https:\/\/avaraauskoa.fi\/index.php\/9-2-1-paavalin-kirjeet\/\" data-type=\"page\" data-id=\"329\">Paavalin kirjeet varhaisimpia<\/a><br>9.3. <a href=\"https:\/\/avaraauskoa.fi\/index.php\/9-2-2-paavalin-nimissa-kirjoitetut\/\" data-type=\"page\" data-id=\"334\">Paavalin nimiss\u00e4 kirjoitetut<\/a><br>9.4. <a href=\"https:\/\/avaraauskoa.fi\/index.php\/9-4-utn-tekstien-aikajana\/\" data-type=\"page\" data-id=\"354\">UT:n tekstien aikajana<\/a><br>9.5. <a href=\"https:\/\/avaraauskoa.fi\/index.php\/9-5-nelja-evankeliumia\/\" data-type=\"page\" data-id=\"490\">Nelj\u00e4 evankeliumia<\/a><br>9.6. <a href=\"https:\/\/avaraauskoa.fi\/index.php\/9-6-evankeliumeja-oli-paljon\/\" data-type=\"page\" data-id=\"468\">Evankeliumeja paljon<\/a><br>9.7. <a href=\"https:\/\/avaraauskoa.fi\/index.php\/9-7-evankeliumien-vertailua\/\" data-type=\"page\" data-id=\"480\">Evankeliumien vertailua<\/a><br>9.8. <a href=\"https:\/\/avaraauskoa.fi\/index.php\/9-8-kuinka-kasitella-teksteja\/\" data-type=\"page\" data-id=\"500\">Kuinka k\u00e4sitell\u00e4 tekstej\u00e4?<\/a><br>9.9. <a href=\"https:\/\/avaraauskoa.fi\/index.php\/9-9-tarkein-viesti-loydettavissa\/\" data-type=\"page\" data-id=\"631\">T\u00e4rkein viesti l\u00f6ydett\u00e4viss\u00e4<\/a><br>9.10. <a href=\"https:\/\/avaraauskoa.fi\/index.php\/9-10-muut-utn-tekstit\/\" data-type=\"page\" data-id=\"638\">Muut UT:n tekstit<\/a><br>9.11. <a href=\"https:\/\/avaraauskoa.fi\/index.php\/9-11-ristiriitaiset-tekstit\/\" data-type=\"page\" data-id=\"620\">Ristiriitaiset tekstit<\/a><\/li>\n<\/ol>\n<\/div>\n\n\n\n<div class=\"wp-block-column is-layout-flow wp-block-column-is-layout-flow\">\n<ol start=\"10\" class=\"wp-block-list\">\n<li><strong>Uuden testamentin tulkinta<br><\/strong>10.1. <a href=\"https:\/\/avaraauskoa.fi\/index.php\/10-1-uuden-testamentin-kaanon\/\" data-type=\"page\" data-id=\"713\">UT:n kaanon<\/a><br>10.2. <a href=\"https:\/\/avaraauskoa.fi\/index.php\/10-2-ulkopuolelle-jatetyt-tekstit\/\" data-type=\"page\" data-id=\"757\">Ulkopuolelle j\u00e4tetyt tekstit<\/a><br>10.3. <a href=\"https:\/\/avaraauskoa.fi\/index.php\/10-3-nag-hammandin-tekstit\/\" data-type=\"page\" data-id=\"766\">Nag Hammadin tekstit<\/a><br>10.4. <a href=\"https:\/\/avaraauskoa.fi\/index.php\/10-4-apostolisten-isien-tekstit\/\" data-type=\"page\" data-id=\"777\">Apostolisten isien tekstit<\/a><br>10.5. <a href=\"https:\/\/avaraauskoa.fi\/index.php\/10-5-utn-tulkinnan-haasteita\/\" data-type=\"page\" data-id=\"782\">UT:n tulkinnan haasteita<\/a><\/li>\n\n\n\n<li><strong>Historialliset todisteet<\/strong><br><a href=\"https:\/\/avaraauskoa.fi\/index.php\/11-1-varhaisimmat-papyrukset\/\" data-type=\"page\" data-id=\"707\">11.1. Varhaisimmat papyrukset<\/a><br>11.2. <a href=\"https:\/\/avaraauskoa.fi\/index.php\/11-2-ensimmaiset-koodeksit\/\" data-type=\"page\" data-id=\"793\">Ensimm\u00e4iset koodeksit<\/a><br>11.3. <a href=\"https:\/\/avaraauskoa.fi\/index.php\/11-3-kirkkoisat\/\" data-type=\"page\" data-id=\"722\">Kirkkois\u00e4t<\/a><br>11.4. <a href=\"https:\/\/avaraauskoa.fi\/index.php\/11-4-kirkkoisia-livena\/\" data-type=\"page\" data-id=\"746\">Kirkkoisi\u00e4 &#8221;liven\u00e4&#8221;<\/a><\/li>\n\n\n\n<li><strong>Raamattun\u00e4kemys<\/strong><br>12.1. <a href=\"https:\/\/avaraauskoa.fi\/index.php\/12-1-heprealainen-raamattu\/\" data-type=\"page\" data-id=\"839\">Heprealainen Raamattu<\/a><br>12.2. <a href=\"https:\/\/avaraauskoa.fi\/index.php\/12-2-uusi-testamentti\/\" data-type=\"page\" data-id=\"816\">Uusi Testamentti<\/a><br>12.3. <a href=\"https:\/\/avaraauskoa.fi\/index.php\/12-3-kolmas-tie-tulkinnassa\/\" data-type=\"page\" data-id=\"843\">Kolmas tie tulkinnassa<\/a><\/li>\n<\/ol>\n<\/div>\n<\/div>\n","protected":false},"excerpt":{"rendered":"<p>B. Uskottava usko<\/p>\n","protected":false},"author":1,"featured_media":0,"parent":0,"menu_order":0,"comment_status":"closed","ping_status":"closed","template":"","meta":{"footnotes":""},"class_list":["post-291","page","type-page","status-publish","hentry"],"_links":{"self":[{"href":"https:\/\/avaraauskoa.fi\/index.php\/wp-json\/wp\/v2\/pages\/291","targetHints":{"allow":["GET"]}}],"collection":[{"href":"https:\/\/avaraauskoa.fi\/index.php\/wp-json\/wp\/v2\/pages"}],"about":[{"href":"https:\/\/avaraauskoa.fi\/index.php\/wp-json\/wp\/v2\/types\/page"}],"author":[{"embeddable":true,"href":"https:\/\/avaraauskoa.fi\/index.php\/wp-json\/wp\/v2\/users\/1"}],"replies":[{"embeddable":true,"href":"https:\/\/avaraauskoa.fi\/index.php\/wp-json\/wp\/v2\/comments?post=291"}],"version-history":[{"count":55,"href":"https:\/\/avaraauskoa.fi\/index.php\/wp-json\/wp\/v2\/pages\/291\/revisions"}],"predecessor-version":[{"id":859,"href":"https:\/\/avaraauskoa.fi\/index.php\/wp-json\/wp\/v2\/pages\/291\/revisions\/859"}],"wp:attachment":[{"href":"https:\/\/avaraauskoa.fi\/index.php\/wp-json\/wp\/v2\/media?parent=291"}],"curies":[{"name":"wp","href":"https:\/\/api.w.org\/{rel}","templated":true}]}}