{"id":15,"date":"2024-12-27T12:50:36","date_gmt":"2024-12-27T12:50:36","guid":{"rendered":"https:\/\/avaraauskoa.fi\/?page_id=15"},"modified":"2025-10-25T13:40:39","modified_gmt":"2025-10-25T13:40:39","slug":"avaraa-uskoa","status":"publish","type":"page","link":"https:\/\/avaraauskoa.fi\/","title":{"rendered":"Avaraa, iloista, \u00e4lyk\u00e4st\u00e4 ja suvaitsevaista"},"content":{"rendered":"\n<h2 class=\"wp-block-heading\">Avaraa, iloista, \u00e4lyk\u00e4st\u00e4 ja suvaitsevaista<\/h2>\n\n\n<div class=\"lightweight-accordion lightweight-accordion has-background\"><details><summary class=\"lightweight-accordion-title\" style=\"background:transparent;\"><span>Mit\u00e4 on avara kristillisyys?<\/span><\/summary><div class=\"lightweight-accordion-body\" style=\"border-color:transparent;\"><p>\nAvaruus on sit\u00e4, ett\u00e4 ei ole yht\u00e4 totuutta. Kaikki katsovat todellisuutta omien silm\u00e4lasiensa l\u00e4pi, siis subjektiivisesti. Ei tarvitse torjua ja vastustaa eri tavalla ajattelevia, mutta ei my\u00f6sk\u00e4\u00e4n taipua painostukseen omien perusteltujen ajatusteni kanssa. Diversiteetti ja erilaisuus on rikkaus.<\/p>\n<p>Alkukirkon aikana kukoistanut erilaisuus ja moninaisuus ei tukahtunut, vaikka yht\u00e4 \u201doikeaoppista\u201d uskoa on haettu l\u00e4pi kristillisen historian kovinkin keinoin. Todisteena on t\u00e4m\u00e4n p\u00e4iv\u00e4n kristillisten ilmauksien laaja kirjo. Nyt ovat nousussa moninaisuuden ja avarakatseisuuden kunnioitus ja edist\u00e4minen. <\/p>\n<p>Yksi kielikuva l\u00f6ytyy tikkataulusta ilman napakymppi\u00e4. Tikka osuu tauluun sadoilla eri tavoilla. T\u00e4ss\u00e4 tikkataulussa ei ole h\u00e4r\u00e4nsilm\u00e4\u00e4 (\u201dbull\u2019s eye\u201d), johon pit\u00e4isi t\u00e4hd\u00e4t\u00e4. On hyv\u00e4 keskustella, k\u00e4yd\u00e4 dialogia, keskin\u00e4isess\u00e4 kunnioituksessa, mutta kun joku v\u00e4itt\u00e4\u00e4, ett\u00e4 h\u00e4n on osunut ainoana keskelle, se tukahduttaa dialogin.<\/p>\n<p>Avaran kristillisyyden voisi lyhyesti tiivist\u00e4\u00e4: erilaisuuden kunnioittaminen, uskon ja el\u00e4m\u00e4n moninaisuuden ymm\u00e4rt\u00e4minen ja arvostaminen.<\/p>\n<\/div><\/details><\/div>\n\n\n<div class=\"lightweight-accordion lightweight-accordion has-background\"><details><summary class=\"lightweight-accordion-title\" style=\"background:transparent;\"><span>Mit\u00e4 on iloinen kristillisyys?<\/span><\/summary><div class=\"lightweight-accordion-body\" style=\"border-color:transparent;\"><p>\nIlon pit\u00e4isi kuulua kristillisyyteen: Ilon tulee olla iloa t\u00e4ss\u00e4 ajassa, liiallinen tuonpuoleisuus helposti tukahduttaa ilon. Valitettavasti usein harras kristillisyys on jopa lietsonut el\u00e4m\u00e4n synkkyyden korostusta. Tuonpuoleisen ilon hintana on saatettu pit\u00e4\u00e4 t\u00e4m\u00e4n ajan kurjuutta.\u00a0 On jopa pyritty kurjuuteen ja askeesiin.<\/p>\n<p>Jos kristillisyys viel\u00e4 uudelleen alkaisi kiinnostaa t\u00e4m\u00e4n ajan ihmisi\u00e4, ilo on siin\u00e4 avainasemassa. Iloinen kristillisyys on el\u00e4m\u00e4st\u00e4 nauttimista. Raamattukin sanoo: \u201d\u00e4l\u00e4 tartu, \u00e4l\u00e4 maista, \u00e4l\u00e4 kosketa\u201d ovat vain arvottomia k\u00e4skyj\u00e4, ja tyydytt\u00e4v\u00e4t ihmisen ylpeytt\u00e4\u201d.[1] Tietenkin el\u00e4m\u00e4st\u00e4 nauttimisen tulee olla vastuullista eik\u00e4 pid\u00e4 vahingoittaa toisia. K\u00e4skyjen ja s\u00e4\u00e4nt\u00f6jen sijaan voisi korostaa \u201del\u00e4m\u00e4st\u00e4 nousevia arvoja\u201d, siis ett\u00e4 el\u00e4m\u00e4 opettaa mik\u00e4 on hyv\u00e4\u00e4 ja mik\u00e4 vahingollista. Niist\u00e4 ei pid\u00e4 tehd\u00e4 k\u00e4skykokoelmaa ja uskonnon perusteella vaatia niiden sokeaa noudattamista. Raamatun mukaan uskon vaikutus el\u00e4m\u00e4\u00e4n on parhaimmillaan \u201drakkaus, ilo, rauha\u201d jne.[2]<\/p>\n<p>[1] Kolossalaiskirje 2:21-23<\/p>\n<p>[2] Galatalaiskirje 5:22<\/p>\n<\/div><\/details><\/div>\n\n\n<div class=\"lightweight-accordion lightweight-accordion has-background\"><details><summary class=\"lightweight-accordion-title\" style=\"background:transparent;\"><span>Kuinka kuvailla \u00e4lyk\u00e4st\u00e4 kristillisyytt\u00e4?<\/span><\/summary><div class=\"lightweight-accordion-body\" style=\"border-color:transparent;\"><p>\nL\u00e4ht\u00f6kohtana on tieteen arvostus tunnistaen kuitenkin sen rajoitukset. Tiede tutkii materiaalista maailmaa.<\/p>\n<p>Kest\u00e4\u00e4k\u00f6 kristillisyys \u00e4lykk\u00e4iden tieteen ammattilaisten kritiikin? L\u00f6ytyyk\u00f6 niihin \u00e4lykk\u00e4it\u00e4, perusteltuja vastauksia ja kest\u00e4\u00e4k\u00f6 kristillisyys t\u00e4ss\u00e4 rumputulessa. T\u00e4m\u00e4n sivuston perusteella voi sanoa, ett\u00e4 kyll\u00e4 kest\u00e4\u00e4. Mutta uudelleen sanoitettuna. T\u00e4t\u00e4 kriittisyytt\u00e4 ja uudelleen arviointia on tehty jo pari sataa vuotta &#8211; my\u00f6s kristityt itse. Ehk\u00e4 voi jopa sanoa, ett\u00e4 sit\u00e4 on tehty aina. Se on hyv\u00e4 asia. Usko pit\u00e4\u00e4 sanoittaa uudelleen kuhunkin aikaan sopivaksi.\u00a0<\/p>\n<p>Uskon t\u00e4ytyy k\u00e4yd\u00e4 j\u00e4rkeen, ja se voi olla j\u00e4rkeen k\u00e4yv\u00e4\u00e4. Ei j\u00e4rke\u00e4 tarvitse uskossa ainoana nostaa jalustalle. Mutta monille on ollut ongelma, ett\u00e4 j\u00e4rki ei ole ollut aina mukana uskon sis\u00e4ll\u00f6n kehityksess\u00e4.<\/p>\n<\/div><\/details><\/div>\n\n\n<div class=\"lightweight-accordion lightweight-accordion has-background\"><details><summary class=\"lightweight-accordion-title\" style=\"background:transparent;\"><span>Suvaitsevainen kristillisyys<\/span><\/summary><div class=\"lightweight-accordion-body\" style=\"border-color:transparent;\"><p>\nToisen uskon kunnioitus on positiivista suvaitsevaisuutta. Lis\u00e4ksi siihen liittyy inklusiivisuus, siis ajatus, ett\u00e4 erilainenkin usko voi vied\u00e4 toivottuun lopputulokseen \u2013 vapauteen t\u00e4ss\u00e4 el\u00e4m\u00e4ss\u00e4 ja mahdolliseen iankaikkiseen el\u00e4m\u00e4\u00e4n, mit\u00e4 se onkin. Muutkin uskonnot ovat aitoa Jumalan etsint\u00e4\u00e4.<\/p>\n<p>N\u00e4ill\u00e4 avaran uskon arvoilla voi itse kukin etsi\u00e4 tapaa olla \u201duskottavasti uskossa\u201d. Rakkauden uskossa.<\/p>\n<\/div><\/details><\/div>\n\n\n<div class=\"lightweight-accordion lightweight-accordion has-background\"><details><summary class=\"lightweight-accordion-title\" style=\"background:transparent;\"><span>Tekij\u00e4t ja palaute<\/span><\/summary><div class=\"lightweight-accordion-body\" style=\"border-color:transparent;\"><p>\nT\u00e4m\u00e4n sivuston sek\u00e4 tekstit ett\u00e4 teknisen toteutuksen ovat luoneet Jyri Lehtinen ja tiimi. Voit l\u00e4hett\u00e4\u00e4 palautetta ja kommentteja s-postilla osoitteeseen palaute@avaraauskoa.fi. Pyrimme vastaamaan asiallisiin s\u00e4hk\u00f6posteihin.<\/p>\n<\/div><\/details><\/div>\n","protected":false},"excerpt":{"rendered":"<p>Avaraa, iloista, \u00e4lyk\u00e4st\u00e4 ja suvaitsevaista<\/p>\n","protected":false},"author":1,"featured_media":0,"parent":0,"menu_order":0,"comment_status":"closed","ping_status":"closed","template":"","meta":{"footnotes":""},"class_list":["post-15","page","type-page","status-publish","hentry"],"_links":{"self":[{"href":"https:\/\/avaraauskoa.fi\/index.php\/wp-json\/wp\/v2\/pages\/15","targetHints":{"allow":["GET"]}}],"collection":[{"href":"https:\/\/avaraauskoa.fi\/index.php\/wp-json\/wp\/v2\/pages"}],"about":[{"href":"https:\/\/avaraauskoa.fi\/index.php\/wp-json\/wp\/v2\/types\/page"}],"author":[{"embeddable":true,"href":"https:\/\/avaraauskoa.fi\/index.php\/wp-json\/wp\/v2\/users\/1"}],"replies":[{"embeddable":true,"href":"https:\/\/avaraauskoa.fi\/index.php\/wp-json\/wp\/v2\/comments?post=15"}],"version-history":[{"count":21,"href":"https:\/\/avaraauskoa.fi\/index.php\/wp-json\/wp\/v2\/pages\/15\/revisions"}],"predecessor-version":[{"id":989,"href":"https:\/\/avaraauskoa.fi\/index.php\/wp-json\/wp\/v2\/pages\/15\/revisions\/989"}],"wp:attachment":[{"href":"https:\/\/avaraauskoa.fi\/index.php\/wp-json\/wp\/v2\/media?parent=15"}],"curies":[{"name":"wp","href":"https:\/\/api.w.org\/{rel}","templated":true}]}}